{"id":93,"date":"2021-12-12T05:30:30","date_gmt":"2021-12-12T08:30:30","guid":{"rendered":"https:\/\/demosites.royal-elementor-addons.com\/construction-v1\/?page_id=93"},"modified":"2023-06-29T01:21:00","modified_gmt":"2023-06-29T04:21:00","slug":"home-construction-v1","status":"publish","type":"page","link":"https:\/\/icamentorj.rio.br\/","title":{"rendered":"Home"},"content":{"rendered":"<h1>\n\t\t\t\t\t\t\tI\u00e7amento de <br \/>\n\t\t\t\t\t\t\t\t\t<b>M\u00f3veis!<\/b><br \/>\n\t\t\t\t\t\t\t\t\t<b>Piscinas!<\/b><br \/>\n\t\t\t\t\t\t\t\t\t<b>Banheiras!<\/b><br \/>\n\t\t\t\t\t\t\t\t\t<b>Janelas!<\/b><br \/>\n\t\t\t\t\t\t\t\t\t<b>Vidros!<\/b><br \/>\n\t\t\t\t\t\t\t\t\t<b>Pianos!<\/b><br \/>\n\t\t\t\t\t\t\t\t\t<b>Objetos!<\/b><br \/>\n\t\t<\/h1>\n<p>Voltada para o ramo de mudan\u00e7as e i\u00e7amentos a empresa oferece de qualidade. Disponibilizando a seus clientes atendimento preferencial.<\/p>\n<p>Quem somos<\/p>\n<h3>Conhe\u00e7a a nossa empresa<\/h3>\n<p>Com princ\u00edpios bem definidos a empresa iniciou suas atividades pautada na preserva\u00e7\u00e3o de valores, compet\u00eancia e qualidade, sempre procurando oferecer o melhor a seus clientes, cada vez mais exigentes, a empresa investe no treinamento de seu quadro de funcion\u00e1rios e em equipamentos modernos.<\/p>\n<p>\t\t<a data-text=\"Go\" href=\"https:\/\/api.whatsapp.com\/send?phone=5521979217656&amp;text=Ol%C3%A1,%20estou%20entrando%20em%20contato%20atrav%C3%A9s%20do%20site%20da%20RC%20I%C3%A7amentos.\"><br \/>\n\t\t\t\t\t\t\t\t\tFale conosco<br \/>\n\t\t<\/a><br \/>\n\t\t\t\t\t\t\t\t\t\t\t\t\t\t\t<img decoding=\"async\" width=\"400\" height=\"400\" src=\"http:\/\/icamentorj.rio.br\/wp-content\/uploads\/2023\/06\/icamento-de-piscinas-02.jpg\" alt=\"\" loading=\"lazy\" srcset=\"https:\/\/icamentorj.rio.br\/wp-content\/uploads\/2023\/06\/icamento-de-piscinas-02.jpg 400w, https:\/\/icamentorj.rio.br\/wp-content\/uploads\/2023\/06\/icamento-de-piscinas-02-300x300.jpg 300w, https:\/\/icamentorj.rio.br\/wp-content\/uploads\/2023\/06\/icamento-de-piscinas-02-150x150.jpg 150w\" sizes=\"auto, (max-width: 400px) 100vw, 400px\" \/>\t\t\t\t\t\t\t\t\t\t\t\t\t\t\t<\/p>\n<h2>Por qu\u00ea escolher a RC I\u00e7amentos?<\/h2>\n<p>Os servi\u00e7os oferecidos pela empresa visam garantir a satisfa\u00e7\u00e3o de clientes cada vez mais exigentes que sabem o que procuram em face da qualidade.<\/p>\n<p>Nossa equipe de i\u00e7amento ir\u00e1 realizar uma vistoria detalhada no local, para dar esclarecimentos e elaborar seu or\u00e7amento baseado nas necessidades, com o valor mais competitivo do mercado sem nenhum custo.<\/p>\n<p>\t\t\t\t70<br \/>\n\t\t\t\t%<br \/>\n\t\t\t\t\t\t\tProfissional<br \/>\n\t\t\t\t+<br \/>\n\t\t\t\t150<br \/>\n\t\t\t\t\t\t\tObjetos i\u00e7ados<br \/>\n\t\t\t\t+<br \/>\n\t\t\t\t150<br \/>\n\t\t\t\t\t\t\tClientes satisfeitos<\/p>\n<ul>\n<li>\n\t\t\t\t\t\t\t\t\t\tI\u00e7amento De Sof\u00e1s\n\t\t\t\t\t\t\t\t\t<\/li>\n<li>\n\t\t\t\t\t\t\t\t\t\tI\u00e7amento De Geladeira\n\t\t\t\t\t\t\t\t\t<\/li>\n<li>\n\t\t\t\t\t\t\t\t\t\tI\u00e7amento De Banheira\n\t\t\t\t\t\t\t\t\t<\/li>\n<li>\n\t\t\t\t\t\t\t\t\t\tI\u00e7amento De Piano\n\t\t\t\t\t\t\t\t\t<\/li>\n<li>\n\t\t\t\t\t\t\t\t\t\tI\u00e7amento De Piscina\n\t\t\t\t\t\t\t\t\t<\/li>\n<li>\n\t\t\t\t\t\t\t\t\t\tI\u00e7amentos de Janelas\n\t\t\t\t\t\t\t\t\t<\/li>\n<li>\n\t\t\t\t\t\t\t\t\t\tI\u00e7amentos de Espelhos e quadros.\n\t\t\t\t\t\t\t\t\t<\/li>\n<\/ul>\n<p>\t\t\t\t+<br \/>\n\t\t\t\t1<br \/>\n\t\t\t\t\t\t\tanos de experi\u00eancia<br \/>\n\t\t\t\t\t\t\t\t\t\t\t\t\t\t\t<img decoding=\"async\" src=\"https:\/\/icamentorj.rio.br\/wp-content\/uploads\/2021\/12\/image-4.jpg\" title=\"\" alt=\"\" loading=\"lazy\" \/>\t\t\t\t\t\t\t\t\t\t\t\t\t\t\t<\/p>\n<p>Saiba mais<\/p>\n<h2>Profissionalismo<\/h2>\n<p>Trabalhamos com todo o cuidado, seguran\u00e7a e profissionalismo necess\u00e1rio para realizar o seu i\u00e7amento. Temos profissionais experientes e atenciosos para lhe atender.<\/p>\n<h2>Entre em contato conosco e pe\u00e7a um or\u00e7amento!<\/h2>\n<p>Atendemos Zona sul do Rio, Barra e proximidades. Fale conosco para saber mais.<\/p>\n<p>\t\t<a data-text=\"Go\" href=\"https:\/\/api.whatsapp.com\/send?phone=5521979217656&amp;text=Ol%C3%A1,%20estou%20entrando%20em%20contato%20atrav%C3%A9s%20do%20site%20da%20RC%20I%C3%A7amentos.\"><br \/>\n\t\t\t\t\t\t\t\t\tFale conosco<br \/>\n\t\t<\/a><\/p>\n","protected":false},"excerpt":{"rendered":"<p>I\u00e7amento de M\u00f3veis! Piscinas! Banheiras! Janelas! Vidros! Pianos! Objetos! Voltada para o ramo de mudan\u00e7as e i\u00e7amentos a empresa oferece de qualidade. Disponibilizando a seus clientes atendimento preferencial. Quem somos Conhe\u00e7a a nossa empresa Com princ\u00edpios bem definidos a empresa iniciou suas atividades pautada na preserva\u00e7\u00e3o de valores, compet\u00eancia e qualidade, sempre procurando oferecer o [&hellip;]<\/p>\n","protected":false},"author":1,"featured_media":0,"parent":0,"menu_order":0,"comment_status":"closed","ping_status":"closed","template":"elementor_canvas","meta":{"footnotes":""},"class_list":["post-93","page","type-page","status-publish","hentry"],"_links":{"self":[{"href":"https:\/\/icamentorj.rio.br\/index.php\/wp-json\/wp\/v2\/pages\/93","targetHints":{"allow":["GET"]}}],"collection":[{"href":"https:\/\/icamentorj.rio.br\/index.php\/wp-json\/wp\/v2\/pages"}],"about":[{"href":"https:\/\/icamentorj.rio.br\/index.php\/wp-json\/wp\/v2\/types\/page"}],"author":[{"embeddable":true,"href":"https:\/\/icamentorj.rio.br\/index.php\/wp-json\/wp\/v2\/users\/1"}],"replies":[{"embeddable":true,"href":"https:\/\/icamentorj.rio.br\/index.php\/wp-json\/wp\/v2\/comments?post=93"}],"version-history":[{"count":55,"href":"https:\/\/icamentorj.rio.br\/index.php\/wp-json\/wp\/v2\/pages\/93\/revisions"}],"predecessor-version":[{"id":744,"href":"https:\/\/icamentorj.rio.br\/index.php\/wp-json\/wp\/v2\/pages\/93\/revisions\/744"}],"wp:attachment":[{"href":"https:\/\/icamentorj.rio.br\/index.php\/wp-json\/wp\/v2\/media?parent=93"}],"curies":[{"name":"wp","href":"https:\/\/api.w.org\/{rel}","templated":true}]}}